{"id":3151,"date":"2022-08-09T11:58:46","date_gmt":"2022-08-09T08:58:46","guid":{"rendered":"https:\/\/blu.taxiaxd.gr\/company-blu-cafe-int\/"},"modified":"2022-08-12T13:16:08","modified_gmt":"2022-08-12T10:16:08","slug":"company-blu-cafe-int","status":"publish","type":"page","link":"https:\/\/test.blu-caffe.com\/en\/company-blu-cafe-int\/","title":{"rendered":"Company BLU CAF\u00c9 Int."},"content":{"rendered":"\t\t<div data-elementor-type=\"wp-page\" data-elementor-id=\"3151\" class=\"elementor elementor-3151 elementor-3071\">\n\t\t\t\t\t\t\t\t\t<section class=\"elementor-section elementor-top-section elementor-element elementor-element-96cbb5f elementor-section-boxed elementor-section-height-default elementor-section-height-default\" data-id=\"96cbb5f\" data-element_type=\"section\">\n\t\t\t\t\t\t<div class=\"elementor-container elementor-column-gap-default\">\n\t\t\t\t\t<div class=\"elementor-column elementor-col-100 elementor-top-column elementor-element elementor-element-ce94c61\" data-id=\"ce94c61\" data-element_type=\"column\">\n\t\t\t<div class=\"elementor-widget-wrap elementor-element-populated\">\n\t\t\t\t\t\t\t\t<div class=\"elementor-element elementor-element-3b6ab53 uael-heading-align-center elementor-widget elementor-widget-uael-advanced-heading\" data-id=\"3b6ab53\" data-element_type=\"widget\" data-widget_type=\"uael-advanced-heading.default\">\n\t\t\t\t<div class=\"elementor-widget-container\">\n\t\t\t\r\n\t\t<div class=\"uael-module-content uael-heading-wrapper\">\r\n\t\t\t\t\t\t<div class=\"uael-module-content uael-separator-parent\">\r\n\t\t\t\t\t\t\t\t<div class=\"uael-separator-wrap\">\r\n\t\t\t\t\t<div class=\"uael-separator-line uael-side-left\">\r\n\t\t\t\t\t\t<span><\/span>\r\n\t\t\t\t\t<\/div>\r\n\t\t\t\t\t<div class=\"uael-divider-content\">\r\n\t\t\t\t\t\t\t\t\t<div class=\"uael-module-content uael-imgicon-wrap elementor-animation-\">\t\t\t\t\t\t\t\t\r\n\t\t\t\t\t\t\t\t\t\t\t\t\t<div class=\"uael-image\" itemscope itemtype=\"http:\/\/schema.org\/ImageObject\">\r\n\t\t\t\t\t\t<div class=\"uael-image-content\">\r\n\t\t\t\t\t\t\t<img decoding=\"async\" class=\"uael-photo-img\" src=\"https:\/\/test.blu-caffe.com\/\/wp-content\/uploads\/2022\/05\/cropped-cropped-logo.jpg\" alt=\"cropped-cropped-logo.jpg\">\t\t\t\t\t\t<\/div>\r\n\t\t\t\t\t<\/div>\r\n\t\t\t\t\t\t\t<\/div>\r\n\t\t\t\t\t\t\t\t\t\r\n\t\t\t\t\t<\/div>\r\n\t\t\t\t\t<div class=\"uael-separator-line uael-side-right\">\r\n\t\t\t\t\t\t<span><\/span>\r\n\t\t\t\t\t<\/div>\r\n\t\t\t\t<\/div>\r\n\t\t\t\t\t\t\t\t\t\t<\/div>\r\n\t\t\t\t\t\t\r\n\t\t\t<h1 class=\"uael-heading\">\r\n\t\t\t\t\t\t\t\t\t\t<span class=\"uael-heading-text elementor-inline-editing uael-size--default\" data-elementor-setting-key=\"heading_title\" data-elementor-inline-editing-toolbar=\"basic\">About BLU CAF\u00c9 Int.<\/span>\r\n\t\t\t\t\t\t\t<\/h1>\r\n\r\n\t\t\t\r\n\t\t\t\r\n\t\t\t\r\n\t\t\t\t\t\t<\/div>\r\n\t\t\t\t<\/div>\n\t\t\t\t<\/div>\n\t\t\t\t\t<\/div>\n\t\t<\/div>\n\t\t\t\t\t\t\t<\/div>\n\t\t<\/section>\n\t\t\t\t<section class=\"elementor-section elementor-top-section elementor-element elementor-element-408daf0 elementor-section-boxed elementor-section-height-default elementor-section-height-default\" data-id=\"408daf0\" data-element_type=\"section\">\n\t\t\t\t\t\t<div class=\"elementor-container elementor-column-gap-default\">\n\t\t\t\t\t<div class=\"elementor-column elementor-col-100 elementor-top-column elementor-element elementor-element-20d6592\" data-id=\"20d6592\" data-element_type=\"column\">\n\t\t\t<div class=\"elementor-widget-wrap elementor-element-populated\">\n\t\t\t\t\t\t\t\t<div class=\"elementor-element elementor-element-31abdd5 elementor-widget elementor-widget-text-editor\" data-id=\"31abdd5\" data-element_type=\"widget\" data-widget_type=\"text-editor.default\">\n\t\t\t\t<div class=\"elementor-widget-container\">\n\t\t\t<style>\/*! elementor - v3.8.1 - 13-11-2022 *\/\n.elementor-widget-text-editor.elementor-drop-cap-view-stacked .elementor-drop-cap{background-color:#818a91;color:#fff}.elementor-widget-text-editor.elementor-drop-cap-view-framed .elementor-drop-cap{color:#818a91;border:3px solid;background-color:transparent}.elementor-widget-text-editor:not(.elementor-drop-cap-view-default) .elementor-drop-cap{margin-top:8px}.elementor-widget-text-editor:not(.elementor-drop-cap-view-default) .elementor-drop-cap-letter{width:1em;height:1em}.elementor-widget-text-editor .elementor-drop-cap{float:left;text-align:center;line-height:1;font-size:50px}.elementor-widget-text-editor .elementor-drop-cap-letter{display:inline-block}<\/style>\t\t\t\t<div class=\"rte\"><h3>Our Company<\/h3><p>Passion and experience, combined with high quality blends is the secret of <strong>BLU CAF\u00c9 Int.&#8217;s success.<\/strong> The Company <strong>BLU CAF\u00c9 Int.<\/strong> has as its object the introduction and distribution <strong>of espresso coffee in beans or grain<\/strong> and related products, coffee machines, grinders for home, office and foodservice.<br>It is the exclusive distributor of major Italian houses <strong>Caffitaly, E&#8217;caff\u00e8, San Giusto, Magica Ciok<\/strong>, and several other leading factories abroad, giving customers the choice of products and high quality equipment and technology in similar prices to their needs.<\/p><p>Founded in 2008 with headquarters in Athens and soon expanded into the market, creating a large network of representatives in Greece and Cyprus.<br>The <strong>BLU CAF\u00c9 Int.<\/strong> promotes and supports its products with full control, synchronization and impeccable service.<br>Featuring a wide range of quality products, <strong>Caffitaly<\/strong>, <strong>San Giusto<\/strong>, <strong>\u00c8caff\u00e8<\/strong>, <strong>CREM international<\/strong>, <strong>Magica Ciok<\/strong>, <strong>Magica CreamKing&#8217;S Tea<\/strong>, in conjunction with section specialized staff, offers its customers the quality, service and security of a responsible company.<br><br>All our brands is a collective product line of <strong>exclusive quality and Italian design<\/strong>.<br><br><strong>Become a member of our family to enhance your lifestyle with a touch of Italy.<\/strong><br><em>Our selected products will transform your home, office, bar, restaurant or hotel in a different kind of experience.<\/em><br><br>Visit the web site often <a href=\"http:\/\/blu-caffe.com\/\" target=\"_blank\" rel=\"noopener\">blu-caffe.com<\/a> as well as our page on <a href=\"https:\/\/www.facebook.com\/pages\/BLU-Caffe-espresso-italiano\/111219845616533\" target=\"_blank\" rel=\"noopener\">Facebook<\/a>, <a href=\"https:\/\/www.youtube.com\/channel\/UCV_hkmQAw-Cw44e_eGZyYdA\" target=\"_blank\" rel=\"noopener\">youtube<\/a>, <a href=\"https:\/\/plus.google.com\/+Blucaffe-EspressoCoffee\/about\" target=\"_blank\" rel=\"noopener\">Google+<\/a>, <a href=\"https:\/\/twitter.com\/BluCaffe\" target=\"_blank\" rel=\"noopener\">Twitter<\/a>,<a href=\"https:\/\/www.linkedin.com\/pub\/blu-caffe-espresso-italiano\/2a\/995\/873\" target=\"_blank\" rel=\"noopener\">Linkedin<\/a>, for offers and updates.<\/p><h3>Our team<\/h3><p><strong>BLU CAF\u00c9 Int.<\/strong> experts have looked around the world and brought you the best blends of coffee <strong>100% Arabica<\/strong>, beans, grain, capsules, tin and ESE wanting to spread <strong>the culture of italian espresso coffee<\/strong>.<br><br>Our partners in the sales department constantly trained to be fully informed and absolutely inherent in the purchase of espresso coffee resulting in continued growth in potential sales network we have.<br><br>The company <strong>BLU CAF\u00c9 Int.<\/strong> <strong>offers training<\/strong> (after sales service) to cover all the modern needs of professionals in the field of coffee.<br>Training to learn the staff of a new coffee shop secrets of the specific procedures applicable to its management, preparing beverages, grinding coffee, handling, cleaning and maintenance of machinery, covering a wide range of provided knowledge and manufacturing techniques to obtain all the necessary supplies for the proper preparation and serving all drinks.<br><br>The training is done by the <strong class=\"brown\">World Champion Barista<\/strong> and authorized in <strong class=\"brown\">Barista trainer SCAE<\/strong>, <strong>Stavros Lambrinidis<\/strong>. <\/p><h3>Informations<\/h3><p><strong class=\"black\">Trieste \u2022 Athens \u2022 Sofia<br>S.Europe-M.East Office<\/strong><br>23 Konstantinou Karamanli, 19016 Artemis &#8211; Loutsa, Attiki, Greece.<br>\u03a4el: +30 22940-22804 &amp; 22940-25286 Fax:+30 22940-25286<br>email: <a href=\"mailto:%20blu@blu-caffe.com\">blu@blu-caffe.com<\/a><\/p><\/div>\t\t\t\t\t\t<\/div>\n\t\t\t\t<\/div>\n\t\t\t\t\t<\/div>\n\t\t<\/div>\n\t\t\t\t\t\t\t<\/div>\n\t\t<\/section>\n\t\t\t\t\t\t\t<\/div>\n\t\t","protected":false},"excerpt":{"rendered":"<p>About BLU CAF\u00c9 Int. Our Company Passion and experience, combined with high quality blends is the secret of BLU CAF\u00c9 Int.&#8217;s success. The Company BLU CAF\u00c9 Int. has as its object the introduction and distribution of espresso coffee in beans or grain and related products, coffee machines, grinders for home, office and foodservice.It is the &hellip;<\/p>\n<p class=\"read-more\"> <a class=\"\" href=\"https:\/\/test.blu-caffe.com\/en\/company-blu-cafe-int\/\"> <span class=\"screen-reader-text\">Company BLU CAF\u00c9 Int.<\/span> Read More &raquo;<\/a><\/p>\n","protected":false},"author":1,"featured_media":0,"parent":0,"menu_order":0,"comment_status":"closed","ping_status":"closed","template":"","meta":{"site-sidebar-layout":"default","site-content-layout":"page-builder","ast-global-header-display":"","ast-main-header-display":"","ast-hfb-above-header-display":"","ast-hfb-below-header-display":"","ast-hfb-mobile-header-display":"","site-post-title":"disabled","ast-breadcrumbs-content":"","ast-featured-img":"disabled","footer-sml-layout":"","theme-transparent-header-meta":"default","adv-header-id-meta":"","stick-header-meta":"","header-above-stick-meta":"","header-main-stick-meta":"","header-below-stick-meta":"","footnotes":""},"class_list":["post-3151","page","type-page","status-publish","hentry"],"_links":{"self":[{"href":"https:\/\/test.blu-caffe.com\/en\/wp-json\/wp\/v2\/pages\/3151","targetHints":{"allow":["GET"]}}],"collection":[{"href":"https:\/\/test.blu-caffe.com\/en\/wp-json\/wp\/v2\/pages"}],"about":[{"href":"https:\/\/test.blu-caffe.com\/en\/wp-json\/wp\/v2\/types\/page"}],"author":[{"embeddable":true,"href":"https:\/\/test.blu-caffe.com\/en\/wp-json\/wp\/v2\/users\/1"}],"replies":[{"embeddable":true,"href":"https:\/\/test.blu-caffe.com\/en\/wp-json\/wp\/v2\/comments?post=3151"}],"version-history":[{"count":0,"href":"https:\/\/test.blu-caffe.com\/en\/wp-json\/wp\/v2\/pages\/3151\/revisions"}],"wp:attachment":[{"href":"https:\/\/test.blu-caffe.com\/en\/wp-json\/wp\/v2\/media?parent=3151"}],"curies":[{"name":"wp","href":"https:\/\/api.w.org\/{rel}","templated":true}]}}